{"id":77,"date":"2023-05-02T14:17:56","date_gmt":"2023-05-02T12:17:56","guid":{"rendered":"https:\/\/www.appartement-la-cannelle.com\/?page_id=77"},"modified":"2025-03-13T13:09:23","modified_gmt":"2025-03-13T12:09:23","slug":"lappartement-la-cannelle","status":"publish","type":"page","link":"https:\/\/www.appartement-la-cannelle.com\/?page_id=77","title":{"rendered":"L&rsquo;appartement La Cannelle"},"content":{"rendered":"\n<p>D\u00e9tendez-vous dans ce logement unique et tranquille. Un appartement superbement \u00e9quip\u00e9 pour 2 \u00e0 4 personnes, 2 chambres, 2 salles d&rsquo;eau, 2 toilettes. Ce sont deux studios r\u00e9unis en un appartement T3 la journ\u00e9e mais qui gr\u00e2ce \u00e0 un astucieux syst\u00e8me de portes coulissantes redeviennent deux logement ind\u00e9pendant la nuit. A 2 minutes \u00e0 pied de la plage de l&rsquo;Anse Mitan (sable fin et poissons multicolores aux rendez-vous), et de l&#8217;embarcad\u00e8re pour Fort de France. Profitez du superbe village des Trois Ilets et de toutes les commodit\u00e9s: restaurants, commerces, casino, location de bateau, location de voiture&#8230;<\/p>\n\n\n\n<p>Nous avons organis\u00e9 avec notre conciergerie un service optimum pour nos clients avec ap\u00e9ritif le premier soir et petit d\u00e9jeuner le premier matin offerts. <\/p>\n\n\n\n<p>Nbr de chambres : 2<\/p>\n\n\n\n<figure class=\"wp-block-gallery has-nested-images columns-default is-cropped wp-block-gallery-1 is-layout-flex wp-block-gallery-is-layout-flex\">\n<figure class=\"wp-block-image size-large\"><img fetchpriority=\"high\" decoding=\"async\" width=\"450\" height=\"800\" data-id=\"42\" src=\"https:\/\/www.appartement-la-cannelle.com\/wp-content\/uploads\/2023\/05\/IMG_4375.jpeg\" alt=\"\" class=\"wp-image-42\" srcset=\"https:\/\/www.appartement-la-cannelle.com\/wp-content\/uploads\/2023\/05\/IMG_4375.jpeg 450w, https:\/\/www.appartement-la-cannelle.com\/wp-content\/uploads\/2023\/05\/IMG_4375-169x300.jpeg 169w\" sizes=\"(max-width: 450px) 100vw, 450px\" \/><\/figure>\n\n\n\n<figure class=\"wp-block-image size-large\"><img decoding=\"async\" width=\"800\" height=\"450\" data-id=\"50\" src=\"https:\/\/www.appartement-la-cannelle.com\/wp-content\/uploads\/2023\/05\/IMG_4350.jpeg\" alt=\"\" class=\"wp-image-50\" srcset=\"https:\/\/www.appartement-la-cannelle.com\/wp-content\/uploads\/2023\/05\/IMG_4350.jpeg 800w, https:\/\/www.appartement-la-cannelle.com\/wp-content\/uploads\/2023\/05\/IMG_4350-300x169.jpeg 300w, https:\/\/www.appartement-la-cannelle.com\/wp-content\/uploads\/2023\/05\/IMG_4350-768x432.jpeg 768w\" sizes=\"(max-width: 800px) 100vw, 800px\" \/><\/figure>\n<\/figure>\n\n\n\n<p>Nbr salle de bains : 2<\/p>\n\n\n\n<figure class=\"wp-block-gallery has-nested-images columns-default is-cropped wp-block-gallery-2 is-layout-flex wp-block-gallery-is-layout-flex\">\n<figure class=\"wp-block-image size-large\"><img decoding=\"async\" width=\"450\" height=\"800\" data-id=\"49\" src=\"https:\/\/www.appartement-la-cannelle.com\/wp-content\/uploads\/2023\/05\/IMG_4352.jpeg\" alt=\"\" class=\"wp-image-49\" srcset=\"https:\/\/www.appartement-la-cannelle.com\/wp-content\/uploads\/2023\/05\/IMG_4352.jpeg 450w, https:\/\/www.appartement-la-cannelle.com\/wp-content\/uploads\/2023\/05\/IMG_4352-169x300.jpeg 169w\" sizes=\"(max-width: 450px) 100vw, 450px\" \/><\/figure>\n\n\n\n<figure class=\"wp-block-image size-large\"><img loading=\"lazy\" decoding=\"async\" width=\"450\" height=\"800\" data-id=\"44\" src=\"https:\/\/www.appartement-la-cannelle.com\/wp-content\/uploads\/2023\/05\/IMG_4371.jpeg\" alt=\"\" class=\"wp-image-44\" srcset=\"https:\/\/www.appartement-la-cannelle.com\/wp-content\/uploads\/2023\/05\/IMG_4371.jpeg 450w, https:\/\/www.appartement-la-cannelle.com\/wp-content\/uploads\/2023\/05\/IMG_4371-169x300.jpeg 169w\" sizes=\"(max-width: 450px) 100vw, 450px\" \/><\/figure>\n\n\n\n<figure class=\"wp-block-image size-large\"><img loading=\"lazy\" decoding=\"async\" width=\"450\" height=\"800\" data-id=\"43\" src=\"https:\/\/www.appartement-la-cannelle.com\/wp-content\/uploads\/2023\/05\/IMG_4372.jpeg\" alt=\"\" class=\"wp-image-43\" srcset=\"https:\/\/www.appartement-la-cannelle.com\/wp-content\/uploads\/2023\/05\/IMG_4372.jpeg 450w, https:\/\/www.appartement-la-cannelle.com\/wp-content\/uploads\/2023\/05\/IMG_4372-169x300.jpeg 169w\" sizes=\"(max-width: 450px) 100vw, 450px\" \/><\/figure>\n<\/figure>\n\n\n\n<p>Surface du logement : 80M\u00b2<\/p>\n\n\n\n<figure class=\"wp-block-gallery has-nested-images columns-default is-cropped wp-block-gallery-3 is-layout-flex wp-block-gallery-is-layout-flex\">\n<figure class=\"wp-block-image size-large\"><img loading=\"lazy\" decoding=\"async\" width=\"450\" height=\"800\" data-id=\"54\" src=\"https:\/\/www.appartement-la-cannelle.com\/wp-content\/uploads\/2023\/05\/IMG_5898.jpeg\" alt=\"\" class=\"wp-image-54\" srcset=\"https:\/\/www.appartement-la-cannelle.com\/wp-content\/uploads\/2023\/05\/IMG_5898.jpeg 450w, https:\/\/www.appartement-la-cannelle.com\/wp-content\/uploads\/2023\/05\/IMG_5898-169x300.jpeg 169w\" sizes=\"(max-width: 450px) 100vw, 450px\" \/><\/figure>\n\n\n\n<figure class=\"wp-block-image size-large\"><img loading=\"lazy\" decoding=\"async\" width=\"800\" height=\"450\" data-id=\"47\" src=\"https:\/\/www.appartement-la-cannelle.com\/wp-content\/uploads\/2023\/05\/IMG_4362.jpeg\" alt=\"\" class=\"wp-image-47\" srcset=\"https:\/\/www.appartement-la-cannelle.com\/wp-content\/uploads\/2023\/05\/IMG_4362.jpeg 800w, https:\/\/www.appartement-la-cannelle.com\/wp-content\/uploads\/2023\/05\/IMG_4362-300x169.jpeg 300w, https:\/\/www.appartement-la-cannelle.com\/wp-content\/uploads\/2023\/05\/IMG_4362-768x432.jpeg 768w\" sizes=\"(max-width: 800px) 100vw, 800px\" \/><\/figure>\n\n\n\n<figure class=\"wp-block-image size-large\"><img loading=\"lazy\" decoding=\"async\" width=\"800\" height=\"450\" data-id=\"46\" src=\"https:\/\/www.appartement-la-cannelle.com\/wp-content\/uploads\/2023\/05\/IMG_4364.jpeg\" alt=\"\" class=\"wp-image-46\" srcset=\"https:\/\/www.appartement-la-cannelle.com\/wp-content\/uploads\/2023\/05\/IMG_4364.jpeg 800w, https:\/\/www.appartement-la-cannelle.com\/wp-content\/uploads\/2023\/05\/IMG_4364-300x169.jpeg 300w, https:\/\/www.appartement-la-cannelle.com\/wp-content\/uploads\/2023\/05\/IMG_4364-768x432.jpeg 768w\" sizes=\"(max-width: 800px) 100vw, 800px\" \/><\/figure>\n\n\n\n<figure class=\"wp-block-image size-large\"><img loading=\"lazy\" decoding=\"async\" width=\"450\" height=\"800\" data-id=\"38\" src=\"https:\/\/www.appartement-la-cannelle.com\/wp-content\/uploads\/2023\/05\/IMG_4387.jpeg\" alt=\"\" class=\"wp-image-38\" srcset=\"https:\/\/www.appartement-la-cannelle.com\/wp-content\/uploads\/2023\/05\/IMG_4387.jpeg 450w, https:\/\/www.appartement-la-cannelle.com\/wp-content\/uploads\/2023\/05\/IMG_4387-169x300.jpeg 169w\" sizes=\"(max-width: 450px) 100vw, 450px\" \/><\/figure>\n\n\n\n<figure class=\"wp-block-image size-large\"><img loading=\"lazy\" decoding=\"async\" width=\"450\" height=\"800\" data-id=\"40\" src=\"https:\/\/www.appartement-la-cannelle.com\/wp-content\/uploads\/2023\/05\/IMG_4383.jpeg\" alt=\"\" class=\"wp-image-40\" srcset=\"https:\/\/www.appartement-la-cannelle.com\/wp-content\/uploads\/2023\/05\/IMG_4383.jpeg 450w, https:\/\/www.appartement-la-cannelle.com\/wp-content\/uploads\/2023\/05\/IMG_4383-169x300.jpeg 169w\" sizes=\"(max-width: 450px) 100vw, 450px\" \/><\/figure>\n\n\n\n<figure class=\"wp-block-image size-large\"><img loading=\"lazy\" decoding=\"async\" width=\"800\" height=\"450\" data-id=\"48\" src=\"https:\/\/www.appartement-la-cannelle.com\/wp-content\/uploads\/2023\/05\/IMG_4357.jpeg\" alt=\"\" class=\"wp-image-48\" srcset=\"https:\/\/www.appartement-la-cannelle.com\/wp-content\/uploads\/2023\/05\/IMG_4357.jpeg 800w, https:\/\/www.appartement-la-cannelle.com\/wp-content\/uploads\/2023\/05\/IMG_4357-300x169.jpeg 300w, https:\/\/www.appartement-la-cannelle.com\/wp-content\/uploads\/2023\/05\/IMG_4357-768x432.jpeg 768w\" sizes=\"(max-width: 800px) 100vw, 800px\" \/><\/figure>\n\n\n\n<figure class=\"wp-block-image size-large\"><img loading=\"lazy\" decoding=\"async\" width=\"800\" height=\"450\" data-id=\"51\" src=\"https:\/\/www.appartement-la-cannelle.com\/wp-content\/uploads\/2023\/05\/IMG_4345.jpeg\" alt=\"\" class=\"wp-image-51\" srcset=\"https:\/\/www.appartement-la-cannelle.com\/wp-content\/uploads\/2023\/05\/IMG_4345.jpeg 800w, https:\/\/www.appartement-la-cannelle.com\/wp-content\/uploads\/2023\/05\/IMG_4345-300x169.jpeg 300w, https:\/\/www.appartement-la-cannelle.com\/wp-content\/uploads\/2023\/05\/IMG_4345-768x432.jpeg 768w\" sizes=\"(max-width: 800px) 100vw, 800px\" \/><\/figure>\n\n\n\n<figure class=\"wp-block-image size-large\"><img loading=\"lazy\" decoding=\"async\" width=\"450\" height=\"800\" data-id=\"52\" src=\"https:\/\/www.appartement-la-cannelle.com\/wp-content\/uploads\/2023\/05\/IMG_4344.jpeg\" alt=\"\" class=\"wp-image-52\" srcset=\"https:\/\/www.appartement-la-cannelle.com\/wp-content\/uploads\/2023\/05\/IMG_4344.jpeg 450w, https:\/\/www.appartement-la-cannelle.com\/wp-content\/uploads\/2023\/05\/IMG_4344-169x300.jpeg 169w\" sizes=\"(max-width: 450px) 100vw, 450px\" \/><\/figure>\n\n\n\n<figure class=\"wp-block-image size-large\"><img loading=\"lazy\" decoding=\"async\" width=\"1024\" height=\"576\" data-id=\"6219\" src=\"https:\/\/www.appartement-la-cannelle.com\/wp-content\/uploads\/2023\/05\/IMG_4354-2-1024x576.jpg\" alt=\"\" class=\"wp-image-6219\" srcset=\"https:\/\/www.appartement-la-cannelle.com\/wp-content\/uploads\/2023\/05\/IMG_4354-2-1024x576.jpg 1024w, https:\/\/www.appartement-la-cannelle.com\/wp-content\/uploads\/2023\/05\/IMG_4354-2-300x169.jpg 300w, https:\/\/www.appartement-la-cannelle.com\/wp-content\/uploads\/2023\/05\/IMG_4354-2-768x432.jpg 768w, https:\/\/www.appartement-la-cannelle.com\/wp-content\/uploads\/2023\/05\/IMG_4354-2-1536x864.jpg 1536w, https:\/\/www.appartement-la-cannelle.com\/wp-content\/uploads\/2023\/05\/IMG_4354-2-1000x563.jpg 1000w, https:\/\/www.appartement-la-cannelle.com\/wp-content\/uploads\/2023\/05\/IMG_4354-2-1800x1013.jpg 1800w, https:\/\/www.appartement-la-cannelle.com\/wp-content\/uploads\/2023\/05\/IMG_4354-2-996x560.jpg 996w, https:\/\/www.appartement-la-cannelle.com\/wp-content\/uploads\/2023\/05\/IMG_4354-2-600x338.jpg 600w, https:\/\/www.appartement-la-cannelle.com\/wp-content\/uploads\/2023\/05\/IMG_4354-2.jpg 2000w\" sizes=\"(max-width: 1024px) 100vw, 1024px\" \/><\/figure>\n<\/figure>\n\n\n\n<p><strong>CONFORT &amp; \u00c9QUIPEMENTS DE LA LOCATION<\/strong><\/p>\n\n\n\n<p>Climatisation, douches, draps fournis, s\u00e8che cheveux, four, lave-linge, lave-vaisselle, micro-ondes, grille-pain, cafeti\u00e8re Dolce Gusto, non-fumeur, parking ext\u00e9rieur ombrag\u00e9, serviettes de toilette et plage fournies, Wifi gratuit, t\u00e9l\u00e9vision, terrasse, torchons fournis, ventilateur, glaci\u00e8re, vue mer.<\/p>\n\n\n\n<p>Retrouvez les&nbsp;<a href=\"https:\/\/www.appartement-la-cannelle.com\/?page_id=93\" title=\"tarifs\">tarifs<\/a>,&nbsp;<a href=\"https:\/\/www.appartement-la-cannelle.com\/?page_id=83\">la situation<\/a>, et&nbsp;<a href=\"https:\/\/www.appartement-la-cannelle.com\/?page_id=101\">les commentaires des derniers occupants<\/a>&nbsp;sur les pages de notre site.<\/p>\n","protected":false},"excerpt":{"rendered":"<p>D\u00e9tendez-vous dans ce logement unique et tranquille. Un appartement superbement \u00e9quip\u00e9 pour 2 \u00e0 4 personnes, 2 chambres, 2 salles d&rsquo;eau, 2 toilettes. Ce sont deux studios r\u00e9unis en un appartement T3 la journ\u00e9e mais qui gr\u00e2ce \u00e0 un astucieux syst\u00e8me de portes coulissantes redeviennent deux logement ind\u00e9pendant la nuit. A 2 minutes \u00e0 pied de la plage de l&rsquo;Anse Mitan (sable fin et poissons multicolores aux rendez-vous), et de l&#8217;embarcad\u00e8re pour Fort de France. [&hellip;]<\/p>\n","protected":false},"author":1,"featured_media":0,"parent":0,"menu_order":0,"comment_status":"closed","ping_status":"closed","template":"","meta":{"om_disable_all_campaigns":false,"_monsterinsights_skip_tracking":false,"_monsterinsights_sitenote_active":false,"_monsterinsights_sitenote_note":"","_monsterinsights_sitenote_category":0,"footnotes":""},"class_list":["post-77","page","type-page","status-publish","hentry"],"aioseo_notices":[],"_links":{"self":[{"href":"https:\/\/www.appartement-la-cannelle.com\/index.php?rest_route=\/wp\/v2\/pages\/77","targetHints":{"allow":["GET"]}}],"collection":[{"href":"https:\/\/www.appartement-la-cannelle.com\/index.php?rest_route=\/wp\/v2\/pages"}],"about":[{"href":"https:\/\/www.appartement-la-cannelle.com\/index.php?rest_route=\/wp\/v2\/types\/page"}],"author":[{"embeddable":true,"href":"https:\/\/www.appartement-la-cannelle.com\/index.php?rest_route=\/wp\/v2\/users\/1"}],"replies":[{"embeddable":true,"href":"https:\/\/www.appartement-la-cannelle.com\/index.php?rest_route=%2Fwp%2Fv2%2Fcomments&post=77"}],"version-history":[{"count":9,"href":"https:\/\/www.appartement-la-cannelle.com\/index.php?rest_route=\/wp\/v2\/pages\/77\/revisions"}],"predecessor-version":[{"id":6256,"href":"https:\/\/www.appartement-la-cannelle.com\/index.php?rest_route=\/wp\/v2\/pages\/77\/revisions\/6256"}],"wp:attachment":[{"href":"https:\/\/www.appartement-la-cannelle.com\/index.php?rest_route=%2Fwp%2Fv2%2Fmedia&parent=77"}],"curies":[{"name":"wp","href":"https:\/\/api.w.org\/{rel}","templated":true}]}}